{"id":19,"date":"2024-10-28T10:06:33","date_gmt":"2024-10-28T10:06:33","guid":{"rendered":"https:\/\/sarcelles.info\/?page_id=19"},"modified":"2024-10-28T11:38:52","modified_gmt":"2024-10-28T11:38:52","slug":"info-sarcelles","status":"publish","type":"page","link":"https:\/\/sarcelles.info\/","title":{"rendered":"Info Sarcelles"},"content":{"rendered":"\t\t<div data-elementor-type=\"wp-page\" data-elementor-id=\"19\" class=\"elementor elementor-19\">\n\t\t\t\t<div class=\"elementor-element elementor-element-62f6c6c e-flex e-con-boxed e-con e-parent\" data-id=\"62f6c6c\" data-element_type=\"container\" data-e-type=\"container\">\n\t\t\t\t\t<div class=\"e-con-inner\">\n\t\t<div class=\"elementor-element elementor-element-84209b1 e-con-full e-flex e-con e-child\" data-id=\"84209b1\" data-element_type=\"container\" data-e-type=\"container\">\n\t\t\t\t<div class=\"elementor-element elementor-element-e493ad3 elementor-widget elementor-widget-heading\" data-id=\"e493ad3\" data-element_type=\"widget\" data-e-type=\"widget\" data-widget_type=\"heading.default\">\n\t\t\t\t<div class=\"elementor-widget-container\">\n\t\t\t\t\t<h2 class=\"elementor-heading-title elementor-size-default\">Bienvenue sur Sarcelles.info, votre site d'actualit\u00e9 locale !<\/h2>\t\t\t\t<\/div>\n\t\t\t\t<\/div>\n\t\t\t\t<div class=\"elementor-element elementor-element-9d8254b elementor-widget elementor-widget-text-editor\" data-id=\"9d8254b\" data-element_type=\"widget\" data-e-type=\"widget\" data-widget_type=\"text-editor.default\">\n\t\t\t\t<div class=\"elementor-widget-container\">\n\t\t\t\t\t\t\t\t\t<div class=\"flex-shrink-0 flex flex-col relative items-end\"><div class=\"pt-0\"><div class=\"gizmo-bot-avatar flex h-8 w-8 items-center justify-center overflow-hidden rounded-full\"><div class=\"relative p-1 rounded-sm flex items-center justify-center bg-token-main-surface-primary text-token-text-primary h-8 w-8\">\u00a0<strong style=\"color: var( --e-global-color-text ); font-family: var( --e-global-typography-text-font-family ), Sans-serif; text-align: var(--text-align); font-size: 1rem;\">Sarcelles.info<\/strong><span style=\"color: var( --e-global-color-text ); font-family: var( --e-global-typography-text-font-family ), Sans-serif; font-weight: var( --e-global-typography-text-font-weight ); text-align: var(--text-align); font-size: 1rem;\"> est un site d\u00e9di\u00e9 \u00e0 l&rsquo;actualit\u00e9 et aux informations locales de Sarcelles, cr\u00e9\u00e9 pour offrir aux habitants un acc\u00e8s direct, fiable et continu \u00e0 ce qui fait bouger leur ville. Con\u00e7u par des Sarcellois pour des Sarcellois, notre site met en lumi\u00e8re les \u00e9v\u00e9nements, les initiatives et les d\u00e9cisions qui impactent notre quotidien.<\/span><\/div><\/div><\/div><\/div><div class=\"group\/conversation-turn relative flex w-full min-w-0 flex-col agent-turn\"><div class=\"flex-col gap-1 md:gap-3\"><div class=\"flex max-w-full flex-col flex-grow\"><div class=\"min-h-8 text-message flex w-full flex-col items-end gap-2 whitespace-normal break-words [.text-message+&amp;]:mt-5\" dir=\"auto\" data-message-author-role=\"assistant\" data-message-id=\"c9f26232-6c44-4232-a2e6-16877ee79f51\" data-message-model-slug=\"gpt-4o\"><div class=\"flex w-full flex-col gap-1 empty:hidden first:pt-[3px]\"><div class=\"markdown prose w-full break-words dark:prose-invert light\"><h3>Nos objectifs<\/h3><ul><li><strong>Informer<\/strong> : Fournir une couverture compl\u00e8te et en temps r\u00e9el des nouvelles locales, qu&rsquo;il s&rsquo;agisse de politique, d&rsquo;\u00e9conomie, de culture, de sport ou de vie communautaire.<\/li><li><strong>Connecter<\/strong> : Cr\u00e9er un espace o\u00f9 les habitants de Sarcelles peuvent se sentir connect\u00e9s \u00e0 leur communaut\u00e9 et participer activement \u00e0 la vie locale.<\/li><li><strong>Valoriser<\/strong> : Mettre en avant les initiatives et les talents locaux pour valoriser la diversit\u00e9 et la richesse culturelle de Sarcelles.<\/li><li><strong>Soutenir<\/strong> : Devenir une ressource fiable pour les informations pratiques, les annonces de services, et les \u00e9v\u00e9nements importants pour faciliter la vie des r\u00e9sidents.<\/li><\/ul><h3>Pourquoi choisir Sarcelles.info ?<\/h3><p>Nous croyons que l&rsquo;information locale est essentielle pour renforcer les liens communautaires et contribuer \u00e0 un vivre-ensemble harmonieux. Notre \u00e9quipe s&rsquo;engage \u00e0 offrir une information claire, pr\u00e9cise et accessible \u00e0 tous, tout en donnant une voix aux acteurs locaux et en mettant en avant les sujets qui vous tiennent \u00e0 c\u0153ur.<\/p><p><strong>Sarcelles.info<\/strong> n&rsquo;est pas seulement un site d&rsquo;actualit\u00e9s, c&rsquo;est un espace pour d\u00e9couvrir, comprendre et vivre Sarcelles au quotidien.<\/p><p>Rejoignez-nous et faites partie de la communaut\u00e9 !<\/p><\/div><\/div><\/div><\/div><\/div><\/div>\t\t\t\t\t\t\t\t<\/div>\n\t\t\t\t<\/div>\n\t\t\t\t<\/div>\n\t\t<div class=\"elementor-element elementor-element-682b491 e-con-full e-flex e-con e-child\" data-id=\"682b491\" data-element_type=\"container\" data-e-type=\"container\">\n\t\t<div class=\"elementor-element elementor-element-4df9eb4 e-con-full e-flex e-con e-child\" data-id=\"4df9eb4\" data-element_type=\"container\" data-e-type=\"container\">\n\t\t\t\t<\/div>\n\t\t<div class=\"elementor-element elementor-element-2bc20c1 e-con-full e-flex e-con e-child\" data-id=\"2bc20c1\" data-element_type=\"container\" data-e-type=\"container\">\n\t\t\t\t<\/div>\n\t\t\t\t<\/div>\n\t\t\t\t\t<\/div>\n\t\t\t\t<\/div>\n\t\t\t\t<\/div>\n\t\t","protected":false},"excerpt":{"rendered":"<p>Bienvenue sur Sarcelles.info, votre site d&rsquo;actualit\u00e9 locale ! \u00a0Sarcelles.info est un site d\u00e9di\u00e9 \u00e0 l&rsquo;actualit\u00e9 et aux informations locales de Sarcelles, cr\u00e9\u00e9 pour offrir aux habitants un acc\u00e8s direct, fiable et continu \u00e0 ce qui fait bouger leur ville. Con\u00e7u par des Sarcellois pour des Sarcellois, notre site met en lumi\u00e8re les \u00e9v\u00e9nements, les initiatives [&hellip;]<\/p>\n","protected":false},"author":1,"featured_media":0,"parent":0,"menu_order":0,"comment_status":"closed","ping_status":"closed","template":"","meta":{"footnotes":""},"class_list":["post-19","page","type-page","status-publish","hentry"],"_links":{"self":[{"href":"https:\/\/sarcelles.info\/index.php?rest_route=\/wp\/v2\/pages\/19","targetHints":{"allow":["GET"]}}],"collection":[{"href":"https:\/\/sarcelles.info\/index.php?rest_route=\/wp\/v2\/pages"}],"about":[{"href":"https:\/\/sarcelles.info\/index.php?rest_route=\/wp\/v2\/types\/page"}],"author":[{"embeddable":true,"href":"https:\/\/sarcelles.info\/index.php?rest_route=\/wp\/v2\/users\/1"}],"replies":[{"embeddable":true,"href":"https:\/\/sarcelles.info\/index.php?rest_route=%2Fwp%2Fv2%2Fcomments&post=19"}],"version-history":[{"count":14,"href":"https:\/\/sarcelles.info\/index.php?rest_route=\/wp\/v2\/pages\/19\/revisions"}],"predecessor-version":[{"id":70,"href":"https:\/\/sarcelles.info\/index.php?rest_route=\/wp\/v2\/pages\/19\/revisions\/70"}],"wp:attachment":[{"href":"https:\/\/sarcelles.info\/index.php?rest_route=%2Fwp%2Fv2%2Fmedia&parent=19"}],"curies":[{"name":"wp","href":"https:\/\/api.w.org\/{rel}","templated":true}]}}